{"id":12577,"date":"2024-02-14T19:13:53","date_gmt":"2024-02-14T18:13:53","guid":{"rendered":"https:\/\/www.mv-stroheim.at\/wordpress\/?page_id=12577"},"modified":"2026-03-22T17:27:40","modified_gmt":"2026-03-22T16:27:40","slug":"startseite","status":"publish","type":"page","link":"https:\/\/www.mv-stroheim.at\/wordpress\/","title":{"rendered":"Startseite"},"content":{"rendered":"\n<div class=\"wp-block-cover alignfull\" style=\"min-height:597px\"><span aria-hidden=\"true\" class=\"wp-block-cover__background has-background-dim-20 has-background-dim\"><\/span><img fetchpriority=\"high\" decoding=\"async\" width=\"2048\" height=\"1367\" data-attachment-id=\"13470\" data-permalink=\"https:\/\/www.mv-stroheim.at\/wordpress\/startseite\/_dsc3313_mq-web\/\" data-orig-file=\"https:\/\/i0.wp.com\/www.mv-stroheim.at\/wordpress\/wp-content\/uploads\/2025\/09\/DSC3313_MQ-web.jpg?fit=2048%2C1367&amp;ssl=1\" data-orig-size=\"2048,1367\" data-comments-opened=\"0\" data-image-meta=\"{&quot;aperture&quot;:&quot;0&quot;,&quot;credit&quot;:&quot;&quot;,&quot;camera&quot;:&quot;&quot;,&quot;caption&quot;:&quot;&quot;,&quot;created_timestamp&quot;:&quot;0&quot;,&quot;copyright&quot;:&quot;&quot;,&quot;focal_length&quot;:&quot;0&quot;,&quot;iso&quot;:&quot;0&quot;,&quot;shutter_speed&quot;:&quot;0&quot;,&quot;title&quot;:&quot;&quot;,&quot;orientation&quot;:&quot;0&quot;}\" data-image-title=\"Gruppenbild MV-Stroheim 2025\" data-image-description=\"\" data-image-caption=\"\" data-medium-file=\"https:\/\/i0.wp.com\/www.mv-stroheim.at\/wordpress\/wp-content\/uploads\/2025\/09\/DSC3313_MQ-web.jpg?fit=300%2C200&amp;ssl=1\" data-large-file=\"https:\/\/i0.wp.com\/www.mv-stroheim.at\/wordpress\/wp-content\/uploads\/2025\/09\/DSC3313_MQ-web.jpg?fit=1024%2C684&amp;ssl=1\" class=\"wp-block-cover__image-background wp-image-13470\" alt=\"Gruppenbild MV-Stroheim 2025\" src=\"https:\/\/i0.wp.com\/www.mv-stroheim.at\/wordpress\/wp-content\/uploads\/2025\/09\/DSC3313_MQ-web.jpg?resize=2048%2C1367\" data-object-fit=\"cover\" srcset=\"https:\/\/i0.wp.com\/www.mv-stroheim.at\/wordpress\/wp-content\/uploads\/2025\/09\/DSC3313_MQ-web.jpg?w=2048&amp;ssl=1 2048w, https:\/\/i0.wp.com\/www.mv-stroheim.at\/wordpress\/wp-content\/uploads\/2025\/09\/DSC3313_MQ-web.jpg?resize=300%2C200&amp;ssl=1 300w, https:\/\/i0.wp.com\/www.mv-stroheim.at\/wordpress\/wp-content\/uploads\/2025\/09\/DSC3313_MQ-web.jpg?resize=1024%2C684&amp;ssl=1 1024w, https:\/\/i0.wp.com\/www.mv-stroheim.at\/wordpress\/wp-content\/uploads\/2025\/09\/DSC3313_MQ-web.jpg?resize=768%2C513&amp;ssl=1 768w, https:\/\/i0.wp.com\/www.mv-stroheim.at\/wordpress\/wp-content\/uploads\/2025\/09\/DSC3313_MQ-web.jpg?resize=1536%2C1025&amp;ssl=1 1536w\" sizes=\"(max-width: 1000px) 100vw, 1000px\" data-recalc-dims=\"1\" \/><div class=\"wp-block-cover__inner-container is-layout-flow wp-block-cover-is-layout-flow\">\n<div style=\"height:274px\" aria-hidden=\"true\" class=\"wp-block-spacer\"><\/div>\n\n\n\n<h2 class=\"wp-block-heading has-text-align-center has-white-color has-text-color\" style=\"font-size:50px\"><strong>Musikverein<\/strong> Stroheim<\/h2>\n\n\n\n<div class=\"wp-block-buttons is-content-justification-center is-layout-flex wp-container-core-buttons-layout-1 wp-block-buttons-is-layout-flex\">\n<div class=\"wp-block-button is-style-fill\"><a class=\"wp-block-button__link has-white-color has-text-color wp-element-button\" href=\"https:\/\/www.mv-stroheim.at\/wordpress\/ueber-uns\/\" style=\"border-radius:0px\">Mehr \u00fcber uns<\/a><\/div>\n<\/div>\n<\/div><\/div>\n\n\n\n<div class=\"wp-block-group alignfull is-layout-constrained wp-block-group-is-layout-constrained\" style=\"margin-top:0px\">\n<div style=\"height:20px\" aria-hidden=\"true\" class=\"wp-block-spacer\"><\/div>\n\n\n\n<h1 class=\"wp-block-heading has-text-align-center\" style=\"text-transform:uppercase\">Unsere Highlights<\/h1>\n\n\n\n<div style=\"height:20px\" aria-hidden=\"true\" class=\"wp-block-spacer\"><\/div>\n\n\n\n<div class=\"wp-block-columns is-layout-flex wp-container-core-columns-layout-1 wp-block-columns-is-layout-flex\">\n<div class=\"wp-block-column is-layout-flow wp-block-column-is-layout-flow\">\n<h2 class=\"wp-block-heading has-text-align-center\">Musiball<\/h2>\n\n\n\n<p class=\"has-text-align-center\">2025<\/p>\n\n\n\n<figure class=\"wp-block-image aligncenter size-full\"><img decoding=\"async\" width=\"2048\" height=\"1365\" data-attachment-id=\"13307\" data-permalink=\"https:\/\/www.mv-stroheim.at\/wordpress\/_dsc8156\/\" data-orig-file=\"https:\/\/i0.wp.com\/www.mv-stroheim.at\/wordpress\/wp-content\/uploads\/2025\/03\/DSC8156.jpg?fit=2048%2C1365&amp;ssl=1\" data-orig-size=\"2048,1365\" data-comments-opened=\"0\" data-image-meta=\"{&quot;aperture&quot;:&quot;0&quot;,&quot;credit&quot;:&quot;&quot;,&quot;camera&quot;:&quot;&quot;,&quot;caption&quot;:&quot;&quot;,&quot;created_timestamp&quot;:&quot;0&quot;,&quot;copyright&quot;:&quot;&quot;,&quot;focal_length&quot;:&quot;0&quot;,&quot;iso&quot;:&quot;0&quot;,&quot;shutter_speed&quot;:&quot;0&quot;,&quot;title&quot;:&quot;&quot;,&quot;orientation&quot;:&quot;0&quot;}\" data-image-title=\"_DSC8156\" data-image-description=\"\" data-image-caption=\"\" data-medium-file=\"https:\/\/i0.wp.com\/www.mv-stroheim.at\/wordpress\/wp-content\/uploads\/2025\/03\/DSC8156.jpg?fit=300%2C200&amp;ssl=1\" data-large-file=\"https:\/\/i0.wp.com\/www.mv-stroheim.at\/wordpress\/wp-content\/uploads\/2025\/03\/DSC8156.jpg?fit=1024%2C683&amp;ssl=1\" src=\"https:\/\/i0.wp.com\/www.mv-stroheim.at\/wordpress\/wp-content\/uploads\/2025\/03\/DSC8156.jpg?resize=2048%2C1365\" alt=\"\" class=\"wp-image-13307\" srcset=\"https:\/\/i0.wp.com\/www.mv-stroheim.at\/wordpress\/wp-content\/uploads\/2025\/03\/DSC8156.jpg?w=2048&amp;ssl=1 2048w, https:\/\/i0.wp.com\/www.mv-stroheim.at\/wordpress\/wp-content\/uploads\/2025\/03\/DSC8156.jpg?resize=300%2C200&amp;ssl=1 300w, https:\/\/i0.wp.com\/www.mv-stroheim.at\/wordpress\/wp-content\/uploads\/2025\/03\/DSC8156.jpg?resize=1024%2C683&amp;ssl=1 1024w, https:\/\/i0.wp.com\/www.mv-stroheim.at\/wordpress\/wp-content\/uploads\/2025\/03\/DSC8156.jpg?resize=768%2C512&amp;ssl=1 768w, https:\/\/i0.wp.com\/www.mv-stroheim.at\/wordpress\/wp-content\/uploads\/2025\/03\/DSC8156.jpg?resize=1536%2C1024&amp;ssl=1 1536w\" sizes=\"(max-width: 1000px) 100vw, 1000px\" data-recalc-dims=\"1\" \/><\/figure>\n\n\n\n<div style=\"height:10px\" aria-hidden=\"true\" class=\"wp-block-spacer\"><\/div>\n\n\n\n<p class=\"has-text-align-center\">Heuboden Harmonie<\/p>\n\n\n\n<p class=\"has-text-align-center\">Liebe vergeht, Hektar besteht<\/p>\n<\/div>\n\n\n\n<div class=\"wp-block-column is-layout-flow wp-block-column-is-layout-flow\">\n<h2 class=\"wp-block-heading has-text-align-center\">Fr\u00fchjahrskonzert<\/h2>\n\n\n\n<p class=\"has-text-align-center\">2025<\/p>\n\n\n\n<figure class=\"wp-block-image aligncenter size-full is-resized\"><a href=\"https:\/\/www.mv-stroheim.at\/wordpress\/fruehjahrskonzert-2025\/\"><img decoding=\"async\" width=\"2560\" height=\"1709\" data-attachment-id=\"13394\" data-permalink=\"https:\/\/www.mv-stroheim.at\/wordpress\/_dsc2807\/\" data-orig-file=\"https:\/\/i0.wp.com\/www.mv-stroheim.at\/wordpress\/wp-content\/uploads\/2025\/03\/DSC2807-scaled.jpg?fit=2560%2C1709&amp;ssl=1\" data-orig-size=\"2560,1709\" data-comments-opened=\"0\" data-image-meta=\"{&quot;aperture&quot;:&quot;0&quot;,&quot;credit&quot;:&quot;&quot;,&quot;camera&quot;:&quot;&quot;,&quot;caption&quot;:&quot;&quot;,&quot;created_timestamp&quot;:&quot;0&quot;,&quot;copyright&quot;:&quot;&quot;,&quot;focal_length&quot;:&quot;0&quot;,&quot;iso&quot;:&quot;0&quot;,&quot;shutter_speed&quot;:&quot;0&quot;,&quot;title&quot;:&quot;&quot;,&quot;orientation&quot;:&quot;0&quot;}\" data-image-title=\"_DSC2807\" data-image-description=\"\" data-image-caption=\"\" data-medium-file=\"https:\/\/i0.wp.com\/www.mv-stroheim.at\/wordpress\/wp-content\/uploads\/2025\/03\/DSC2807-scaled.jpg?fit=300%2C200&amp;ssl=1\" data-large-file=\"https:\/\/i0.wp.com\/www.mv-stroheim.at\/wordpress\/wp-content\/uploads\/2025\/03\/DSC2807-scaled.jpg?fit=1024%2C684&amp;ssl=1\" src=\"https:\/\/i0.wp.com\/www.mv-stroheim.at\/wordpress\/wp-content\/uploads\/2025\/03\/DSC2807-scaled.jpg?resize=2560%2C1709\" alt=\"\" class=\"wp-image-13394\" style=\"width:380px;height:auto\" srcset=\"https:\/\/i0.wp.com\/www.mv-stroheim.at\/wordpress\/wp-content\/uploads\/2025\/03\/DSC2807-scaled.jpg?w=2560&amp;ssl=1 2560w, https:\/\/i0.wp.com\/www.mv-stroheim.at\/wordpress\/wp-content\/uploads\/2025\/03\/DSC2807-scaled.jpg?resize=300%2C200&amp;ssl=1 300w, https:\/\/i0.wp.com\/www.mv-stroheim.at\/wordpress\/wp-content\/uploads\/2025\/03\/DSC2807-scaled.jpg?resize=1024%2C684&amp;ssl=1 1024w, https:\/\/i0.wp.com\/www.mv-stroheim.at\/wordpress\/wp-content\/uploads\/2025\/03\/DSC2807-scaled.jpg?resize=768%2C513&amp;ssl=1 768w, https:\/\/i0.wp.com\/www.mv-stroheim.at\/wordpress\/wp-content\/uploads\/2025\/03\/DSC2807-scaled.jpg?resize=1536%2C1025&amp;ssl=1 1536w, https:\/\/i0.wp.com\/www.mv-stroheim.at\/wordpress\/wp-content\/uploads\/2025\/03\/DSC2807-scaled.jpg?resize=2048%2C1367&amp;ssl=1 2048w\" sizes=\"(max-width: 1000px) 100vw, 1000px\" data-recalc-dims=\"1\" \/><\/a><\/figure>\n\n\n\n<div style=\"height:10px\" aria-hidden=\"true\" class=\"wp-block-spacer\"><\/div>\n\n\n\n<p class=\"has-text-align-center\">Besonderheiten des Abends:<\/p>\n\n\n\n<p class=\"has-text-align-center\">Beeindruckendes Solo vom Tubisten Ralf Floimayr und bezaubernder Gesang von Brigitte Scharinger<\/p>\n<\/div>\n\n\n\n<div class=\"wp-block-column is-layout-flow wp-block-column-is-layout-flow\">\n<h2 class=\"wp-block-heading has-text-align-center\">Marschwertung<\/h2>\n\n\n\n<p class=\"has-text-align-center\">2022<\/p>\n\n\n\n<figure class=\"wp-block-image aligncenter size-large\"><img loading=\"lazy\" decoding=\"async\" width=\"1024\" height=\"682\" data-attachment-id=\"12915\" data-permalink=\"https:\/\/www.mv-stroheim.at\/wordpress\/startseite\/bezirksmusikfest_eferding_2022_021\/\" data-orig-file=\"https:\/\/i0.wp.com\/www.mv-stroheim.at\/wordpress\/wp-content\/uploads\/2024\/02\/bezirksmusikfest_Eferding_2022_021.jpg?fit=2000%2C1333&amp;ssl=1\" data-orig-size=\"2000,1333\" data-comments-opened=\"0\" data-image-meta=\"{&quot;aperture&quot;:&quot;20&quot;,&quot;credit&quot;:&quot;Albert Rathmayr&quot;,&quot;camera&quot;:&quot;Canon EOS 80D&quot;,&quot;caption&quot;:&quot;&quot;,&quot;created_timestamp&quot;:&quot;1655632079&quot;,&quot;copyright&quot;:&quot;www.rathmayr.cc\\ralbert [at] rathmayr,cc&quot;,&quot;focal_length&quot;:&quot;18&quot;,&quot;iso&quot;:&quot;320&quot;,&quot;shutter_speed&quot;:&quot;0.00625&quot;,&quot;title&quot;:&quot;&quot;,&quot;orientation&quot;:&quot;0&quot;}\" data-image-title=\"bezirksmusikfest_Eferding_2022_021\" data-image-description=\"\" data-image-caption=\"\" data-medium-file=\"https:\/\/i0.wp.com\/www.mv-stroheim.at\/wordpress\/wp-content\/uploads\/2024\/02\/bezirksmusikfest_Eferding_2022_021.jpg?fit=300%2C200&amp;ssl=1\" data-large-file=\"https:\/\/i0.wp.com\/www.mv-stroheim.at\/wordpress\/wp-content\/uploads\/2024\/02\/bezirksmusikfest_Eferding_2022_021.jpg?fit=1024%2C682&amp;ssl=1\" src=\"https:\/\/i0.wp.com\/www.mv-stroheim.at\/wordpress\/wp-content\/uploads\/2024\/02\/bezirksmusikfest_Eferding_2022_021.jpg?resize=1024%2C682\" alt=\"\" class=\"wp-image-12915\" srcset=\"https:\/\/i0.wp.com\/www.mv-stroheim.at\/wordpress\/wp-content\/uploads\/2024\/02\/bezirksmusikfest_Eferding_2022_021.jpg?resize=1024%2C682&amp;ssl=1 1024w, https:\/\/i0.wp.com\/www.mv-stroheim.at\/wordpress\/wp-content\/uploads\/2024\/02\/bezirksmusikfest_Eferding_2022_021.jpg?resize=300%2C200&amp;ssl=1 300w, https:\/\/i0.wp.com\/www.mv-stroheim.at\/wordpress\/wp-content\/uploads\/2024\/02\/bezirksmusikfest_Eferding_2022_021.jpg?resize=768%2C512&amp;ssl=1 768w, https:\/\/i0.wp.com\/www.mv-stroheim.at\/wordpress\/wp-content\/uploads\/2024\/02\/bezirksmusikfest_Eferding_2022_021.jpg?resize=1536%2C1024&amp;ssl=1 1536w, https:\/\/i0.wp.com\/www.mv-stroheim.at\/wordpress\/wp-content\/uploads\/2024\/02\/bezirksmusikfest_Eferding_2022_021.jpg?w=2000&amp;ssl=1 2000w\" sizes=\"(max-width: 1000px) 100vw, 1000px\" data-recalc-dims=\"1\" \/><\/figure>\n\n\n\n<div style=\"height:10px\" aria-hidden=\"true\" class=\"wp-block-spacer\"><\/div>\n\n\n\n<p class=\"has-text-align-center\">95,26 Punkte<\/p>\n\n\n\n<p class=\"has-text-align-center\">Tagessieg mit Auszeichnung am 19.06.2022 in Eferding<\/p>\n<\/div>\n<\/div>\n\n\n\n<div style=\"height:42px\" aria-hidden=\"true\" class=\"wp-block-spacer\"><\/div>\n\n\n\n<h2 class=\"wp-block-heading has-text-align-center\" style=\"text-transform:uppercase\">Die Tradition in der Moderne<\/h2>\n\n\n\n<p class=\"has-text-align-center\">Vor wenigen Jahren feierte der Musikverein sein 90-j\u00e4hriges Jubil\u00e4um. Seit unserer Gr\u00fcndung ist die Kernaufgabe immer noch die gleiche &#8211; wir wollen Tr\u00e4ger f\u00fcr das kulturelle und gesellschaftliche Leben der Gemeinde Stroheim sein. Dieser traditionelle Wert hat immer noch Bestand und soll in allen Bereichen sp\u00fcrbar sein. Nat\u00fcrlich wurde die Tradition \u00fcber Jahre weiterentwickelt und in die heutige Zeit getragen. Blasmusik ist popul\u00e4rer den je und wird zu einem modernen &#8222;Lifestyle&#8220; f\u00fcr Jung und Alt. Dieser Aspekt wird auch in unserem Verein sichtbar.<\/p>\n\n\n\n<p class=\"has-text-align-center\">Wenn es in Stroheim etwas zu feiern gibt, sind wir meist als Musikverein mit unserer Musik mit dabei.<\/p>\n\n\n\n<div style=\"height:80px\" aria-hidden=\"true\" class=\"wp-block-spacer\"><\/div>\n\n\n\n<div style=\"height:20px\" aria-hidden=\"true\" class=\"wp-block-spacer\"><\/div>\n\n\n\n<h2 class=\"wp-block-heading has-text-align-center\">Unsere n\u00e4chsten Ausr\u00fcckungen und Veranstaltungen<\/h2>\n\n\n\n<div class=\"wp-block-media-text is-stacked-on-mobile\"><figure class=\"wp-block-media-text__media\"><img loading=\"lazy\" decoding=\"async\" width=\"1024\" height=\"681\" data-attachment-id=\"12328\" data-permalink=\"https:\/\/www.mv-stroheim.at\/wordpress\/registerfotos-218\/\" data-orig-file=\"https:\/\/i0.wp.com\/www.mv-stroheim.at\/wordpress\/wp-content\/uploads\/2021\/01\/Registerfotos-218-scaled-e1611001512653.jpg?fit=1140%2C758&amp;ssl=1\" data-orig-size=\"1140,758\" data-comments-opened=\"0\" data-image-meta=\"{&quot;aperture&quot;:&quot;2.2&quot;,&quot;credit&quot;:&quot;&quot;,&quot;camera&quot;:&quot;NIKON Z 6&quot;,&quot;caption&quot;:&quot;&quot;,&quot;created_timestamp&quot;:&quot;1591451607&quot;,&quot;copyright&quot;:&quot;&quot;,&quot;focal_length&quot;:&quot;35&quot;,&quot;iso&quot;:&quot;125&quot;,&quot;shutter_speed&quot;:&quot;0.0004&quot;,&quot;title&quot;:&quot;&quot;,&quot;orientation&quot;:&quot;0&quot;}\" data-image-title=\"Marketenderinnen&#038;Stabf\u00fchrer\" data-image-description=\"\" data-image-caption=\"\" data-medium-file=\"https:\/\/i0.wp.com\/www.mv-stroheim.at\/wordpress\/wp-content\/uploads\/2021\/01\/Registerfotos-218-scaled-e1611001512653.jpg?fit=300%2C200&amp;ssl=1\" data-large-file=\"https:\/\/i0.wp.com\/www.mv-stroheim.at\/wordpress\/wp-content\/uploads\/2021\/01\/Registerfotos-218-scaled-e1611001512653.jpg?fit=1024%2C681&amp;ssl=1\" src=\"https:\/\/i0.wp.com\/www.mv-stroheim.at\/wordpress\/wp-content\/uploads\/2021\/01\/Registerfotos-218.jpg?resize=1024%2C681\" alt=\"\" class=\"wp-image-12328 size-full\" data-recalc-dims=\"1\"\/><\/figure><div class=\"wp-block-media-text__content\">\n<p><\/p>\n\n\n\n<ul>\n<li>28.03.2026 &#8211; 20 Uhr<br>Fr\u00fchjahrskonzert <\/li>\n\n\n\n<li>26.01.2026<br>Maifest Stroheim<\/li>\n\n\n\n<li>01.05.2026<br>Maiblasen im mittleren Teil von Stroheim<\/li>\n\n\n\n<li>02.05.2026<br>Firmung<\/li>\n\n\n\n<li>03.05.2026<br>Florianimesse<\/li>\n<\/ul>\n<\/div><\/div>\n\n\n\n<div style=\"height:76px\" aria-hidden=\"true\" class=\"wp-block-spacer\"><\/div>\n<\/div>\n","protected":false},"excerpt":{"rendered":"<p>Unsere Highlights Musiball 2025 Heuboden Harmonie Liebe vergeht, Hektar besteht Fr\u00fchjahrskonzert 2025 Besonderheiten des Abends: Beeindruckendes Solo vom Tubisten Ralf [&hellip;]<\/p>\n","protected":false},"author":7,"featured_media":0,"parent":0,"menu_order":0,"comment_status":"closed","ping_status":"closed","template":"elementor_theme","meta":{"site-sidebar-layout":"default","site-content-layout":"","ast-site-content-layout":"","site-content-style":"default","site-sidebar-style":"default","ast-global-header-display":"","ast-banner-title-visibility":"","ast-main-header-display":"","ast-hfb-above-header-display":"","ast-hfb-below-header-display":"","ast-hfb-mobile-header-display":"","site-post-title":"disabled","ast-breadcrumbs-content":"","ast-featured-img":"","footer-sml-layout":"","theme-transparent-header-meta":"","adv-header-id-meta":"","stick-header-meta":"","header-above-stick-meta":"","header-main-stick-meta":"","header-below-stick-meta":"","astra-migrate-meta-layouts":"default","ast-page-background-enabled":"default","ast-page-background-meta":{"desktop":{"background-color":"var(--ast-global-color-4)","background-image":"","background-repeat":"repeat","background-position":"center center","background-size":"auto","background-attachment":"scroll","background-type":"","background-media":"","overlay-type":"","overlay-color":"","overlay-gradient":""},"tablet":{"background-color":"","background-image":"","background-repeat":"repeat","background-position":"center center","background-size":"auto","background-attachment":"scroll","background-type":"","background-media":"","overlay-type":"","overlay-color":"","overlay-gradient":""},"mobile":{"background-color":"","background-image":"","background-repeat":"repeat","background-position":"center center","background-size":"auto","background-attachment":"scroll","background-type":"","background-media":"","overlay-type":"","overlay-color":"","overlay-gradient":""}},"ast-content-background-meta":{"desktop":{"background-color":"var(--ast-global-color-5)","background-image":"","background-repeat":"repeat","background-position":"center center","background-size":"auto","background-attachment":"scroll","background-type":"","background-media":"","overlay-type":"","overlay-color":"","overlay-gradient":""},"tablet":{"background-color":"var(--ast-global-color-5)","background-image":"","background-repeat":"repeat","background-position":"center center","background-size":"auto","background-attachment":"scroll","background-type":"","background-media":"","overlay-type":"","overlay-color":"","overlay-gradient":""},"mobile":{"background-color":"var(--ast-global-color-5)","background-image":"","background-repeat":"repeat","background-position":"center center","background-size":"auto","background-attachment":"scroll","background-type":"","background-media":"","overlay-type":"","overlay-color":"","overlay-gradient":""}},"jetpack_post_was_ever_published":false,"footnotes":""},"jetpack_shortlink":"https:\/\/wp.me\/P4Pxqr-3gR","jetpack_sharing_enabled":true,"jetpack-related-posts":[{"id":12558,"url":"https:\/\/www.mv-stroheim.at\/wordpress\/ueber-uns\/","url_meta":{"origin":12577,"position":0},"title":"\u00dcber uns","author":"Nicole Kloimstein","date":"17. Februar 2024","format":false,"excerpt":"\u00dcber uns 55 aktive Musiker:innen 60 \/ 14 \u00e4ltester und j\u00fcngster Musiker 29 Jahre Durchschnittsalter 58 \/ 42 M\u00e4nner- und Frauenanteil in % Aus unseren Geschichtsb\u00fcchern Die Wurzeln unseres Vereins reichen ins Jahr 1930. Im Dezember beschlossen rund 20 Musiker ihre Leidenschaft f\u00fcr die Musik zu b\u00fcndeln und einen wichtigen\u2026","rel":"","context":"\u00c4hnlicher Beitrag","block_context":{"text":"\u00c4hnlicher Beitrag","link":""},"img":{"alt_text":"","src":"https:\/\/i0.wp.com\/www.mv-stroheim.at\/wordpress\/wp-content\/uploads\/2021\/01\/Registerfotos-95-scaled-e1611003326651.jpg?resize=350%2C200&ssl=1","width":350,"height":200},"classes":[]},{"id":836,"url":"https:\/\/www.mv-stroheim.at\/wordpress\/impressum\/","url_meta":{"origin":12577,"position":1},"title":"Impressum","author":"Admin","date":"19. August 2014","format":false,"excerpt":"Impressum Angaben gem\u00e4\u00df \u00a75 ECG Musikverein Stroheim4074Stroheim Obmann: Georg HehenbergerKobling 3\/2, 4074 StroheimTel:\u00a0+43 660 3534817E-Mail: obmann@mv-stroheim.at Kontakt: E-Mail: office@mv-stroheim.at Vereinsregistereintrag: Zust\u00e4ndigkeit: Bezirkshauptmannschaft EferdingZVR-Zahl:\u00a0823528466","rel":"","context":"\u00c4hnlicher Beitrag","block_context":{"text":"\u00c4hnlicher Beitrag","link":""},"img":{"alt_text":"","src":"","width":0,"height":0},"classes":[]},{"id":13156,"url":"https:\/\/www.mv-stroheim.at\/wordpress\/marschwertung-2024\/","url_meta":{"origin":12577,"position":2},"title":"Marschwertung 2024","author":"Nicole Kloimstein","date":"10. Juni 2024","format":false,"excerpt":"Marschwertung 2024 Bezirksmusikfest in Hartkirchen","rel":"","context":"\u00c4hnlicher Beitrag","block_context":{"text":"\u00c4hnlicher Beitrag","link":""},"img":{"alt_text":"","src":"https:\/\/i0.wp.com\/www.mv-stroheim.at\/wordpress\/wp-content\/uploads\/2024\/06\/BMF_Hartkirchen_2024_Stroheim_020.jpg?resize=350%2C200&ssl=1","width":350,"height":200},"classes":[]},{"id":12575,"url":"https:\/\/www.mv-stroheim.at\/wordpress\/kontakt\/","url_meta":{"origin":12577,"position":3},"title":"Kontakt","author":"Nicole Kloimstein","date":"14. Februar 2024","format":false,"excerpt":"Kontaktiere uns Obmann Georg HehenbergerKobling 3\/2 4074 Stroheim Email: office@mv-stroheim.at\u00a0 Obmann: obmann@mv-stroheim.at","rel":"","context":"\u00c4hnlicher Beitrag","block_context":{"text":"\u00c4hnlicher Beitrag","link":""},"img":{"alt_text":"","src":"","width":0,"height":0},"classes":[]},{"id":13347,"url":"https:\/\/www.mv-stroheim.at\/wordpress\/fruehjahrskonzert-2025\/","url_meta":{"origin":12577,"position":4},"title":"Fr\u00fchjahrskonzert 2025","author":"Nicole Kloimstein","date":"26. M\u00e4rz 2025","format":false,"excerpt":"Fr\u00fchjahrskonzert 2025 Fotos: Erwin KloimsteinBildbearbeitung: Nicole Kloimstein","rel":"","context":"\u00c4hnlicher Beitrag","block_context":{"text":"\u00c4hnlicher Beitrag","link":""},"img":{"alt_text":"","src":"https:\/\/i0.wp.com\/www.mv-stroheim.at\/wordpress\/wp-content\/uploads\/2025\/03\/DSC2767-scaled.jpg?resize=350%2C200&ssl=1","width":350,"height":200},"classes":[]},{"id":13053,"url":"https:\/\/www.mv-stroheim.at\/wordpress\/fruehjahrskonzert-2024\/","url_meta":{"origin":12577,"position":5},"title":"Fr\u00fchjahrskonzert 2024","author":"Nicole Kloimstein","date":"15. April 2024","format":false,"excerpt":"Fr\u00fchjahrskonzert 2024 Fotos: Erwin KloimsteinBildbearbeitung: Nicole Kloimstein","rel":"","context":"\u00c4hnlicher Beitrag","block_context":{"text":"\u00c4hnlicher Beitrag","link":""},"img":{"alt_text":"","src":"https:\/\/i0.wp.com\/www.mv-stroheim.at\/wordpress\/wp-content\/uploads\/2024\/04\/DSC6617.jpg?resize=350%2C200&ssl=1","width":350,"height":200},"classes":[]}],"_links":{"self":[{"href":"https:\/\/www.mv-stroheim.at\/wordpress\/wp-json\/wp\/v2\/pages\/12577"}],"collection":[{"href":"https:\/\/www.mv-stroheim.at\/wordpress\/wp-json\/wp\/v2\/pages"}],"about":[{"href":"https:\/\/www.mv-stroheim.at\/wordpress\/wp-json\/wp\/v2\/types\/page"}],"author":[{"embeddable":true,"href":"https:\/\/www.mv-stroheim.at\/wordpress\/wp-json\/wp\/v2\/users\/7"}],"replies":[{"embeddable":true,"href":"https:\/\/www.mv-stroheim.at\/wordpress\/wp-json\/wp\/v2\/comments?post=12577"}],"version-history":[{"count":51,"href":"https:\/\/www.mv-stroheim.at\/wordpress\/wp-json\/wp\/v2\/pages\/12577\/revisions"}],"predecessor-version":[{"id":13578,"href":"https:\/\/www.mv-stroheim.at\/wordpress\/wp-json\/wp\/v2\/pages\/12577\/revisions\/13578"}],"wp:attachment":[{"href":"https:\/\/www.mv-stroheim.at\/wordpress\/wp-json\/wp\/v2\/media?parent=12577"}],"curies":[{"name":"wp","href":"https:\/\/api.w.org\/{rel}","templated":true}]}}