{"id":12575,"date":"2024-02-14T19:08:51","date_gmt":"2024-02-14T18:08:51","guid":{"rendered":"https:\/\/www.mv-stroheim.at\/wordpress\/?page_id=12575"},"modified":"2024-03-18T20:54:49","modified_gmt":"2024-03-18T19:54:49","slug":"kontakt","status":"publish","type":"page","link":"https:\/\/www.mv-stroheim.at\/wordpress\/kontakt\/","title":{"rendered":"Kontakt"},"content":{"rendered":"\n<div class=\"wp-block-group is-layout-constrained wp-block-group-is-layout-constrained\">\n<div class=\"wp-block-columns are-vertically-aligned-center is-layout-flex wp-container-core-columns-layout-1 wp-block-columns-is-layout-flex\">\n<div class=\"wp-block-column is-vertically-aligned-center is-layout-flow wp-block-column-is-layout-flow\">\n<h2 class=\"wp-block-heading has-large-font-size\" style=\"font-weight:700\">Kontaktiere uns<\/h2>\n\n\n\n<p style=\"font-size:1.1em\">Obmann Georg Hehenberger<br>Kobling 3\/2 4074 Stroheim<\/p>\n\n\n\n<p style=\"font-size:1.1em\"><br>Email: <a href=\"javascript:DeCryptX('3h3{3d2o1q2n2g3C1f1y0a0m2r2n3h311d1p1n')\"><a href=\"mailto:office [at] mv-stroheim,at\">office [at] mv-stroheim,at<\/a>\u00a0<\/a><\/p>\n\n\n\n<p>Obmann: <a href=\"javascript:DeCryptX('3h0x1b2o0p3o0e3C1f0x3d3p2r3o3h310c0o3p')\">obmann [at] mv-stroheim,at<\/a><\/p>\n\n\n\n<ul class=\"wp-block-social-links has-icon-color is-style-logos-only is-layout-flex wp-block-social-links-is-layout-flex\"><li style=\"color: #000000; \" class=\"wp-social-link wp-social-link-facebook has-black-color wp-block-social-link\"><a rel=\" noopener nofollow\" target=\"_blank\" href=\"https:\/\/facebook.com\/musikvereinstroheim\" class=\"wp-block-social-link-anchor\"><svg width=\"24\" height=\"24\" viewBox=\"0 0 24 24\" version=\"1.1\" xmlns=\"http:\/\/www.w3.org\/2000\/svg\" aria-hidden=\"true\" focusable=\"false\"><path d=\"M12 2C6.5 2 2 6.5 2 12c0 5 3.7 9.1 8.4 9.9v-7H7.9V12h2.5V9.8c0-2.5 1.5-3.9 3.8-3.9 1.1 0 2.2.2 2.2.2v2.5h-1.3c-1.2 0-1.6.8-1.6 1.6V12h2.8l-.4 2.9h-2.3v7C18.3 21.1 22 17 22 12c0-5.5-4.5-10-10-10z\"><\/path><\/svg><span class=\"wp-block-social-link-label screen-reader-text\">Facebook<\/span><\/a><\/li>\n\n<li style=\"color: #000000; \" class=\"wp-social-link wp-social-link-instagram has-black-color wp-block-social-link\"><a rel=\" noopener nofollow\" target=\"_blank\" href=\"https:\/\/www.instagram.com\/musikverein_stroheim\" class=\"wp-block-social-link-anchor\"><svg width=\"24\" height=\"24\" viewBox=\"0 0 24 24\" version=\"1.1\" xmlns=\"http:\/\/www.w3.org\/2000\/svg\" aria-hidden=\"true\" focusable=\"false\"><path d=\"M12,4.622c2.403,0,2.688,0.009,3.637,0.052c0.877,0.04,1.354,0.187,1.671,0.31c0.42,0.163,0.72,0.358,1.035,0.673 c0.315,0.315,0.51,0.615,0.673,1.035c0.123,0.317,0.27,0.794,0.31,1.671c0.043,0.949,0.052,1.234,0.052,3.637 s-0.009,2.688-0.052,3.637c-0.04,0.877-0.187,1.354-0.31,1.671c-0.163,0.42-0.358,0.72-0.673,1.035 c-0.315,0.315-0.615,0.51-1.035,0.673c-0.317,0.123-0.794,0.27-1.671,0.31c-0.949,0.043-1.233,0.052-3.637,0.052 s-2.688-0.009-3.637-0.052c-0.877-0.04-1.354-0.187-1.671-0.31c-0.42-0.163-0.72-0.358-1.035-0.673 c-0.315-0.315-0.51-0.615-0.673-1.035c-0.123-0.317-0.27-0.794-0.31-1.671C4.631,14.688,4.622,14.403,4.622,12 s0.009-2.688,0.052-3.637c0.04-0.877,0.187-1.354,0.31-1.671c0.163-0.42,0.358-0.72,0.673-1.035 c0.315-0.315,0.615-0.51,1.035-0.673c0.317-0.123,0.794-0.27,1.671-0.31C9.312,4.631,9.597,4.622,12,4.622 M12,3 C9.556,3,9.249,3.01,8.289,3.054C7.331,3.098,6.677,3.25,6.105,3.472C5.513,3.702,5.011,4.01,4.511,4.511 c-0.5,0.5-0.808,1.002-1.038,1.594C3.25,6.677,3.098,7.331,3.054,8.289C3.01,9.249,3,9.556,3,12c0,2.444,0.01,2.751,0.054,3.711 c0.044,0.958,0.196,1.612,0.418,2.185c0.23,0.592,0.538,1.094,1.038,1.594c0.5,0.5,1.002,0.808,1.594,1.038 c0.572,0.222,1.227,0.375,2.185,0.418C9.249,20.99,9.556,21,12,21s2.751-0.01,3.711-0.054c0.958-0.044,1.612-0.196,2.185-0.418 c0.592-0.23,1.094-0.538,1.594-1.038c0.5-0.5,0.808-1.002,1.038-1.594c0.222-0.572,0.375-1.227,0.418-2.185 C20.99,14.751,21,14.444,21,12s-0.01-2.751-0.054-3.711c-0.044-0.958-0.196-1.612-0.418-2.185c-0.23-0.592-0.538-1.094-1.038-1.594 c-0.5-0.5-1.002-0.808-1.594-1.038c-0.572-0.222-1.227-0.375-2.185-0.418C14.751,3.01,14.444,3,12,3L12,3z M12,7.378 c-2.552,0-4.622,2.069-4.622,4.622S9.448,16.622,12,16.622s4.622-2.069,4.622-4.622S14.552,7.378,12,7.378z M12,15 c-1.657,0-3-1.343-3-3s1.343-3,3-3s3,1.343,3,3S13.657,15,12,15z M16.804,6.116c-0.596,0-1.08,0.484-1.08,1.08 s0.484,1.08,1.08,1.08c0.596,0,1.08-0.484,1.08-1.08S17.401,6.116,16.804,6.116z\"><\/path><\/svg><span class=\"wp-block-social-link-label screen-reader-text\">Instagram<\/span><\/a><\/li><\/ul>\n<\/div>\n\n\n\n<div class=\"wp-block-column is-vertically-aligned-center is-layout-flow wp-block-column-is-layout-flow\">\n<div style=\"height:68px\" aria-hidden=\"true\" class=\"wp-block-spacer\"><\/div>\n\n\n\n<iframe src=\"https:\/\/www.google.com\/maps\/embed?pb=!1m18!1m12!1m3!1d2651.9558374479375!2d13.945951412327181!3d48.34215417114682!2m3!1f0!2f0!3f0!3m2!1i1024!2i768!4f13.1!3m3!1m2!1s0x4773886fce57ca39%3A0x365860b042cbeb33!2sKobling%203%2F2%2C%204074%20Kobling!5e0!3m2!1sde!2sat!4v1710791488726!5m2!1sde!2sat\" width=\"600\" height=\"450\" style=\"border:0;\" allowfullscreen=\"\" loading=\"lazy\" referrerpolicy=\"no-referrer-when-downgrade\"><\/iframe>\n<\/div>\n<\/div>\n<\/div>\n\n\n\n<div style=\"height:100px\" aria-hidden=\"true\" class=\"wp-block-spacer\"><\/div>\n","protected":false},"excerpt":{"rendered":"<p>Kontaktiere uns Obmann Georg HehenbergerKobling 3\/2 4074 Stroheim Email: office [at] mv-stroheim,at\u00a0 Obmann: obmann [at] mv-stroheim,at<\/p>\n","protected":false},"author":7,"featured_media":0,"parent":0,"menu_order":0,"comment_status":"closed","ping_status":"closed","template":"","meta":{"site-sidebar-layout":"default","site-content-layout":"","ast-site-content-layout":"","site-content-style":"default","site-sidebar-style":"default","ast-global-header-display":"","ast-banner-title-visibility":"","ast-main-header-display":"","ast-hfb-above-header-display":"","ast-hfb-below-header-display":"","ast-hfb-mobile-header-display":"","site-post-title":"disabled","ast-breadcrumbs-content":"","ast-featured-img":"","footer-sml-layout":"","theme-transparent-header-meta":"","adv-header-id-meta":"","stick-header-meta":"","header-above-stick-meta":"","header-main-stick-meta":"","header-below-stick-meta":"","astra-migrate-meta-layouts":"default","ast-page-background-enabled":"default","ast-page-background-meta":{"desktop":{"background-color":"var(--ast-global-color-4)","background-image":"","background-repeat":"repeat","background-position":"center center","background-size":"auto","background-attachment":"scroll","background-type":"","background-media":"","overlay-type":"","overlay-color":"","overlay-gradient":""},"tablet":{"background-color":"","background-image":"","background-repeat":"repeat","background-position":"center center","background-size":"auto","background-attachment":"scroll","background-type":"","background-media":"","overlay-type":"","overlay-color":"","overlay-gradient":""},"mobile":{"background-color":"","background-image":"","background-repeat":"repeat","background-position":"center center","background-size":"auto","background-attachment":"scroll","background-type":"","background-media":"","overlay-type":"","overlay-color":"","overlay-gradient":""}},"ast-content-background-meta":{"desktop":{"background-color":"var(--ast-global-color-5)","background-image":"","background-repeat":"repeat","background-position":"center center","background-size":"auto","background-attachment":"scroll","background-type":"","background-media":"","overlay-type":"","overlay-color":"","overlay-gradient":""},"tablet":{"background-color":"var(--ast-global-color-5)","background-image":"","background-repeat":"repeat","background-position":"center center","background-size":"auto","background-attachment":"scroll","background-type":"","background-media":"","overlay-type":"","overlay-color":"","overlay-gradient":""},"mobile":{"background-color":"var(--ast-global-color-5)","background-image":"","background-repeat":"repeat","background-position":"center center","background-size":"auto","background-attachment":"scroll","background-type":"","background-media":"","overlay-type":"","overlay-color":"","overlay-gradient":""}},"jetpack_post_was_ever_published":false,"footnotes":""},"jetpack_shortlink":"https:\/\/wp.me\/P4Pxqr-3gP","jetpack_sharing_enabled":true,"jetpack-related-posts":[{"id":836,"url":"https:\/\/www.mv-stroheim.at\/wordpress\/impressum\/","url_meta":{"origin":12575,"position":0},"title":"Impressum","author":"Admin","date":"19. August 2014","format":false,"excerpt":"Impressum Angaben gem\u00e4\u00df \u00a75 ECG Musikverein Stroheim4074Stroheim Obmann: Georg HehenbergerKobling 3\/2, 4074 StroheimTel:\u00a0+43 660 3534817E-Mail: obmann@mv-stroheim.at Kontakt: E-Mail: office@mv-stroheim.at Vereinsregistereintrag: Zust\u00e4ndigkeit: Bezirkshauptmannschaft EferdingZVR-Zahl:\u00a0823528466","rel":"","context":"\u00c4hnlicher Beitrag","block_context":{"text":"\u00c4hnlicher Beitrag","link":""},"img":{"alt_text":"","src":"","width":0,"height":0},"classes":[]},{"id":12558,"url":"https:\/\/www.mv-stroheim.at\/wordpress\/ueber-uns\/","url_meta":{"origin":12575,"position":1},"title":"\u00dcber uns","author":"Nicole Kloimstein","date":"17. Februar 2024","format":false,"excerpt":"\u00dcber uns 55 aktive Musiker:innen 60 \/ 14 \u00e4ltester und j\u00fcngster Musiker 29 Jahre Durchschnittsalter 58 \/ 42 M\u00e4nner- und Frauenanteil in % Aus unseren Geschichtsb\u00fcchern Die Wurzeln unseres Vereins reichen ins Jahr 1930. Im Dezember beschlossen rund 20 Musiker ihre Leidenschaft f\u00fcr die Musik zu b\u00fcndeln und einen wichtigen\u2026","rel":"","context":"\u00c4hnlicher Beitrag","block_context":{"text":"\u00c4hnlicher Beitrag","link":""},"img":{"alt_text":"","src":"https:\/\/i0.wp.com\/www.mv-stroheim.at\/wordpress\/wp-content\/uploads\/2021\/01\/Registerfotos-95-scaled-e1611003326651.jpg?resize=350%2C200&ssl=1","width":350,"height":200},"classes":[]},{"id":12934,"url":"https:\/\/www.mv-stroheim.at\/wordpress\/unsere-sponsoren-2\/","url_meta":{"origin":12575,"position":2},"title":"Unsere Sponsoren","author":"Nicole Kloimstein","date":"28. Februar 2024","format":false,"excerpt":"Unsere Sponsoren Erst durch die Unterst\u00fctzung unserer Sponsoren ist die Durchf\u00fchrung der Veranstaltungen m\u00f6glich.\u00a0Wir bedanken uns bei allen G\u00f6nnern und Sponsoren f\u00fcr die\u00a0Unterst\u00fctzung! Gold Sponsoren Silber Sponsoren","rel":"","context":"\u00c4hnlicher Beitrag","block_context":{"text":"\u00c4hnlicher Beitrag","link":""},"img":{"alt_text":"","src":"https:\/\/i0.wp.com\/www.mv-stroheim.at\/wordpress\/wp-content\/uploads\/2025\/03\/Westtech-u-Woodcracker-orange.png?resize=350%2C200&ssl=1","width":350,"height":200,"srcset":"https:\/\/i0.wp.com\/www.mv-stroheim.at\/wordpress\/wp-content\/uploads\/2025\/03\/Westtech-u-Woodcracker-orange.png?resize=350%2C200&ssl=1 1x, https:\/\/i0.wp.com\/www.mv-stroheim.at\/wordpress\/wp-content\/uploads\/2025\/03\/Westtech-u-Woodcracker-orange.png?resize=525%2C300&ssl=1 1.5x, https:\/\/i0.wp.com\/www.mv-stroheim.at\/wordpress\/wp-content\/uploads\/2025\/03\/Westtech-u-Woodcracker-orange.png?resize=700%2C400&ssl=1 2x, https:\/\/i0.wp.com\/www.mv-stroheim.at\/wordpress\/wp-content\/uploads\/2025\/03\/Westtech-u-Woodcracker-orange.png?resize=1050%2C600&ssl=1 3x, https:\/\/i0.wp.com\/www.mv-stroheim.at\/wordpress\/wp-content\/uploads\/2025\/03\/Westtech-u-Woodcracker-orange.png?resize=1400%2C800&ssl=1 4x"},"classes":[]},{"id":13156,"url":"https:\/\/www.mv-stroheim.at\/wordpress\/marschwertung-2024\/","url_meta":{"origin":12575,"position":3},"title":"Marschwertung 2024","author":"Nicole Kloimstein","date":"10. Juni 2024","format":false,"excerpt":"Marschwertung 2024 Bezirksmusikfest in Hartkirchen","rel":"","context":"\u00c4hnlicher Beitrag","block_context":{"text":"\u00c4hnlicher Beitrag","link":""},"img":{"alt_text":"","src":"https:\/\/i0.wp.com\/www.mv-stroheim.at\/wordpress\/wp-content\/uploads\/2024\/06\/BMF_Hartkirchen_2024_Stroheim_020.jpg?resize=350%2C200&ssl=1","width":350,"height":200},"classes":[]},{"id":13347,"url":"https:\/\/www.mv-stroheim.at\/wordpress\/fruehjahrskonzert-2025\/","url_meta":{"origin":12575,"position":4},"title":"Fr\u00fchjahrskonzert 2025","author":"Nicole Kloimstein","date":"26. M\u00e4rz 2025","format":false,"excerpt":"Fr\u00fchjahrskonzert 2025 Fotos: Erwin KloimsteinBildbearbeitung: Nicole Kloimstein","rel":"","context":"\u00c4hnlicher Beitrag","block_context":{"text":"\u00c4hnlicher Beitrag","link":""},"img":{"alt_text":"","src":"https:\/\/i0.wp.com\/www.mv-stroheim.at\/wordpress\/wp-content\/uploads\/2025\/03\/DSC2767-scaled.jpg?resize=350%2C200&ssl=1","width":350,"height":200},"classes":[]},{"id":13053,"url":"https:\/\/www.mv-stroheim.at\/wordpress\/fruehjahrskonzert-2024\/","url_meta":{"origin":12575,"position":5},"title":"Fr\u00fchjahrskonzert 2024","author":"Nicole Kloimstein","date":"15. April 2024","format":false,"excerpt":"Fr\u00fchjahrskonzert 2024 Fotos: Erwin KloimsteinBildbearbeitung: Nicole Kloimstein","rel":"","context":"\u00c4hnlicher Beitrag","block_context":{"text":"\u00c4hnlicher Beitrag","link":""},"img":{"alt_text":"","src":"https:\/\/i0.wp.com\/www.mv-stroheim.at\/wordpress\/wp-content\/uploads\/2024\/04\/DSC6617.jpg?resize=350%2C200&ssl=1","width":350,"height":200},"classes":[]}],"_links":{"self":[{"href":"https:\/\/www.mv-stroheim.at\/wordpress\/wp-json\/wp\/v2\/pages\/12575"}],"collection":[{"href":"https:\/\/www.mv-stroheim.at\/wordpress\/wp-json\/wp\/v2\/pages"}],"about":[{"href":"https:\/\/www.mv-stroheim.at\/wordpress\/wp-json\/wp\/v2\/types\/page"}],"author":[{"embeddable":true,"href":"https:\/\/www.mv-stroheim.at\/wordpress\/wp-json\/wp\/v2\/users\/7"}],"replies":[{"embeddable":true,"href":"https:\/\/www.mv-stroheim.at\/wordpress\/wp-json\/wp\/v2\/comments?post=12575"}],"version-history":[{"count":12,"href":"https:\/\/www.mv-stroheim.at\/wordpress\/wp-json\/wp\/v2\/pages\/12575\/revisions"}],"predecessor-version":[{"id":13038,"href":"https:\/\/www.mv-stroheim.at\/wordpress\/wp-json\/wp\/v2\/pages\/12575\/revisions\/13038"}],"wp:attachment":[{"href":"https:\/\/www.mv-stroheim.at\/wordpress\/wp-json\/wp\/v2\/media?parent=12575"}],"curies":[{"name":"wp","href":"https:\/\/api.w.org\/{rel}","templated":true}]}}